{"id":17149,"date":"2020-03-02T23:33:27","date_gmt":"2020-03-02T23:33:27","guid":{"rendered":"https:\/\/demo02.houzez.co\/?page_id=17149"},"modified":"2021-10-09T18:56:51","modified_gmt":"2021-10-10T00:56:51","slug":"inquiry-form","status":"publish","type":"page","link":"https:\/\/www.vendacasas24.com\/sv\/inquiry-form\/","title":{"rendered":"Inquiry Form"},"content":{"rendered":"\t\t<div data-elementor-type=\"wp-page\" data-elementor-id=\"17149\" class=\"elementor elementor-17149\" data-elementor-post-type=\"page\">\n\t\t\t\t\t\t<section class=\"elementor-section elementor-top-section elementor-element elementor-element-5ec2734 elementor-section-boxed elementor-section-height-default elementor-section-height-default\" data-id=\"5ec2734\" data-element_type=\"section\" data-e-type=\"section\">\n\t\t\t\t\t\t<div class=\"elementor-container elementor-column-gap-default\">\n\t\t\t\t\t<div class=\"elementor-column elementor-col-100 elementor-top-column elementor-element elementor-element-e1bd41f\" data-id=\"e1bd41f\" data-element_type=\"column\" data-e-type=\"column\">\n\t\t\t<div class=\"elementor-widget-wrap elementor-element-populated\">\n\t\t\t\t\t\t<div class=\"elementor-element elementor-element-49cbafe elementor-widget elementor-widget-houzez_elementor_space\" data-id=\"49cbafe\" data-element_type=\"widget\" data-e-type=\"widget\" data-widget_type=\"houzez_elementor_space.default\">\n\t\t\t\t<div class=\"elementor-widget-container\">\n\t\t\t\t\t        <div class=\"houzez-spacer\">\n            <div class=\"houzez-spacer-inner\"><\/div>\n        <\/div>\n        \t\t\t\t<\/div>\n\t\t\t\t<\/div>\n\t\t\t\t<section class=\"elementor-section elementor-inner-section elementor-element elementor-element-6efd58c animated-slow elementor-section-boxed elementor-section-height-default elementor-section-height-default elementor-invisible\" data-id=\"6efd58c\" data-element_type=\"section\" data-e-type=\"section\" data-settings=\"{&quot;background_background&quot;:&quot;classic&quot;,&quot;animation&quot;:&quot;fadeIn&quot;}\">\n\t\t\t\t\t\t<div class=\"elementor-container elementor-column-gap-no\">\n\t\t\t\t\t<div class=\"elementor-column elementor-col-100 elementor-inner-column elementor-element elementor-element-856004d\" data-id=\"856004d\" data-element_type=\"column\" data-e-type=\"column\">\n\t\t\t<div class=\"elementor-widget-wrap elementor-element-populated\">\n\t\t\t\t\t\t<div class=\"elementor-element elementor-element-8ff1404 elementor-widget elementor-widget-text-editor\" data-id=\"8ff1404\" data-element_type=\"widget\" data-e-type=\"widget\" data-widget_type=\"text-editor.default\">\n\t\t\t\t<div class=\"elementor-widget-container\">\n\t\t\t\t\t\t\t\t\t<h3 style=\"text-align: center;\">Hola, \u00bfC\u00f3mo Podemos Ayudarte?<\/h3><p style=\"text-align: center;\">Por favor complete el formulario de consulta de bienes ra\u00edces para contactarnos. Nos pondremos en contacto contigo lo antes posible.<\/p>\t\t\t\t\t\t\t\t<\/div>\n\t\t\t\t<\/div>\n\t\t\t\t<div class=\"elementor-element elementor-element-42f882c elementor-button-align-stretch elementor-widget elementor-widget-houzez_elementor_inquiry_form\" data-id=\"42f882c\" data-element_type=\"widget\" data-e-type=\"widget\" data-widget_type=\"houzez_elementor_inquiry_form.default\">\n\t\t\t\t<div class=\"elementor-widget-container\">\n\t\t\t\t\t\n        <script type=\"application\/javascript\">\n            jQuery(document).bind(\"ready\", function () {\n                houzezValidateElementor(\"#houzez-form-42f882c\" );\n            });\n        <\/script>\n\n\n        <form class=\"elementor-form houzez-ele-form-js\" id=\"houzez-form-42f882c\" method=\"post\" name=\"New Form\" action=\"https:\/\/www.vendacasas24.com\/sv\/wp-admin\/admin-ajax.php\">\n            <input type=\"hidden\" name=\"form_id\" value=\"42f882c\"\/>\n            <input type=\"hidden\" name=\"action\" value=\"houzez_ele_inquiry_form\" \/>\n            <input type=\"hidden\" name=\"source_link\" value=\"https:\/\/www.vendacasas24.com\/sv\/inquiry-form\/\" \/>\n            <input type=\"hidden\" name=\"lead_page_id\" value=\"17149\" \/>\n            <input type=\"hidden\" name=\"is_estimation\" value=\"yes\" \/>\n            <input type=\"hidden\" name=\"webhook\" value=\"false\" \/>\n            <input type=\"hidden\" name=\"webhook_url\" value=\"\" \/>\n            <input type=\"hidden\" name=\"redirect_to\" value=\"https:\/\/www.vendacasas24.com\/sv\/\" \/>\n            <input type=\"hidden\" name=\"google_recaptcha\" value=\"false\" \/>\n\n            <div class=\"elementor-form-fields-wrapper elementor-labels-above\">\n\n                                    <div class=\"elementor-field-group elementor-column form-group elementor-field-group-ba6c34c elementor-col-100 elementor-field-required elementor-mark-required\">\n                    <label for=\"form-field-ba6c34c\" class=\"elementor-field-label\">Tipo de consulta<\/label>        <div class=\"elementor-field elementor-select-wrapper\">\n            <select name=\"enquiry_type\" id=\"form-field-ba6c34c\" class=\"elementor-field-textual form-control elementor-size-md\" required=\"required\" title=\"* Tipo de consulta\">\n                <option value=\"\">Seleccione<\/option><option value=\"Compra\">Compra<\/value><option value=\"Alquiler\"> Alquiler<\/value><option value=\"Venta\"> Venta<\/value><option value=\"Hipoteca\"> Hipoteca<\/value>            <\/select>\n        <\/div>\n                            <\/div>\n\n                                        <div class=\"elementor-field-group elementor-column form-group elementor-field-group-b7fe77d elementor-col-100 elementor-field-required elementor-mark-required\">\n                    <label for=\"form-field-b7fe77d\" class=\"elementor-field-label\">Informaci\u00f3n<\/label>        <div class=\"elementor-field elementor-select-wrapper\">\n            <select name=\"user_type\" id=\"form-field-b7fe77d\" class=\"elementor-field-textual form-control elementor-size-md\" required=\"required\" title=\"* Informaci\u00f3n\">\n                <option value=\"\">Soy un<\/option><option value=\" Soy un agente inmobiliario\">Soy agente inmobiliario <\/option><option value=\" Soy due\u00f1o de una propiedad\">Soy due\u00f1o de una propiedad <\/option>            <\/select>\n        <\/div>\n                            <\/div>\n\n                                        <div class=\"elementor-field-group elementor-column form-group elementor-field-group-cc6b92f elementor-col-50 elementor-field-required elementor-mark-required\">\n                    <input type=\"text\" name=\"first_name\" id=\"form-field-cc6b92f\" class=\"elementor-field form-control elementor-size-md elementor-field-textual\" placeholder=\"Primer nombre\" title=\"* Primer nombre\" required=\"required\">                    <\/div>\n\n                                        <div class=\"elementor-field-group elementor-column form-group elementor-field-group-3cc124e elementor-col-50 elementor-field-required elementor-mark-required\">\n                    <input type=\"text\" name=\"last_name\" id=\"form-field-3cc124e\" class=\"elementor-field form-control elementor-size-md elementor-field-textual\" placeholder=\"Apellido\" title=\"* Apellido\" required=\"required\">                    <\/div>\n\n                                        <div class=\"elementor-field-group elementor-column form-group elementor-field-group-932d82c elementor-col-50 elementor-field-required elementor-mark-required\">\n                    <input type=\"email\" name=\"email\" id=\"form-field-932d82c\" class=\"elementor-field form-control elementor-size-md elementor-field-textual\" placeholder=\"Direcci\u00f3n de correo electr\u00f3nico\" title=\"* Direcci\u00f3n de correo electr\u00f3nico\" required=\"required\">                    <\/div>\n\n                                        <div class=\"elementor-field-group elementor-column form-group elementor-field-group-304b68f elementor-col-50 elementor-field-required elementor-mark-required\">\n                    <input type=\"text\" name=\"mobile\" id=\"form-field-304b68f\" class=\"elementor-field form-control elementor-size-md elementor-field-textual\" placeholder=\"Tel\u00e9fono\" title=\"* Tel\u00e9fono\" required=\"required\">                    <\/div>\n\n                                        <div class=\"elementor-field-group elementor-column form-group elementor-field-group-bf1d035 elementor-col-33 elementor-field-required elementor-mark-required\">\n                    <label for=\"form-field-bf1d035\" class=\"elementor-field-label\">Localizaci\u00f3n<\/label>        <div class=\"elementor-field elementor-select-wrapper\">\n            <select name=\"e_meta[city]\" id=\"form-field-bf1d035\" class=\"elementor-field-textual form-control elementor-size-md\" required=\"required\" title=\"* Localizaci\u00f3n\">\n                <option value=\"\">Por favor seleccione<\/option><option data-ref=\"azcapotzalco\" data-belong=\"ciudad-de-mexico\" value=\"azcapotzalco\"> Azcapotzalco<\/option><option data-ref=\"cancun\" data-belong=\"quintana-roo\" value=\"cancun\"> Canc\u00fan<\/option><option data-ref=\"chicago\" data-belong=\"illinois\" value=\"chicago\"> Chicago<\/option><option data-ref=\"cuauhtemoc\" data-belong=\"ciudad-de-mexico\" value=\"cuauhtemoc\"> Cuauht\u00e9moc<\/option><option data-ref=\"los-angeles\" data-belong=\"california\" value=\"los-angeles\"> Los Angeles<\/option><option data-ref=\"miami\" data-belong=\"florida\" value=\"miami\"> Miami<\/option><option data-ref=\"miguel-hidalgo\" data-belong=\"ciudad-de-mexico\" value=\"miguel-hidalgo\"> Miguel Hidalgo<\/option><option data-ref=\"naucalpan-de-juarez\" data-belong=\"estado-de-mexico\" value=\"naucalpan-de-juarez\"> Naucalpan de Ju\u00e1rez<\/option><option data-ref=\"new-york\" data-belong=\"\" value=\"new-york\"> New York<\/option><option data-ref=\"san-miguel-de-allende\" data-belong=\"san-miguel-de-allende\" value=\"san-miguel-de-allende\"> San Miguel de Allende<\/option><option data-ref=\"tultitlan-de-mariano-escobedo\" data-belong=\"estado-de-mexico\" value=\"tultitlan-de-mariano-escobedo\"> Tultitl\u00e1n de Mariano Escobedo<\/option>            <\/select>\n        <\/div>\n                            <\/div>\n\n                                        <div class=\"elementor-field-group elementor-column form-group elementor-field-group-d2cd125 elementor-col-33 elementor-field-required elementor-mark-required\">\n                    <label for=\"form-field-d2cd125\" class=\"elementor-field-label\">&nbsp;<\/label>        <div class=\"elementor-field elementor-select-wrapper\">\n            <select name=\"e_meta[area]\" id=\"form-field-d2cd125\" class=\"elementor-field-textual form-control elementor-size-md\" required=\"required\" title=\"* Seleccionar zona\">\n                <option value=\"\">Seleccionar zona<\/option><option data-ref=\"albany-park\" data-belong=\"chicago\" value=\"albany-park\"> Albany Park<\/option><option data-ref=\"altgeld-gardens\" data-belong=\"chicago\" value=\"altgeld-gardens\"> Altgeld Gardens<\/option><option data-ref=\"andersonville\" data-belong=\"chicago\" value=\"andersonville\"> Andersonville<\/option><option data-ref=\"anzures\" data-belong=\"miguel-hidalgo\" value=\"anzures\"> Anzures<\/option><option data-ref=\"beverly\" data-belong=\"\" value=\"beverly\"> Beverly<\/option><option data-ref=\"brickel\" data-belong=\"\" value=\"brickel\"> Brickel<\/option><option data-ref=\"brooklyn\" data-belong=\"\" value=\"brooklyn\"> Brooklyn<\/option><option data-ref=\"brookside\" data-belong=\"los-angeles\" value=\"brookside\"> Brookside<\/option><option data-ref=\"central-city\" data-belong=\"los-angeles\" value=\"central-city\"> Central City<\/option><option data-ref=\"coconut-grove\" data-belong=\"\" value=\"coconut-grove\"> Coconut Grove<\/option><option data-ref=\"cuauhtemoc\" data-belong=\"cuauhtemoc\" value=\"cuauhtemoc\"> Cuauht\u00e9moc<\/option><option data-ref=\"doctores\" data-belong=\"cuauhtemoc\" value=\"doctores\"> Doctores<\/option><option data-ref=\"fracc-industrial-alce-blanco\" data-belong=\"naucalpan-de-juarez\" value=\"fracc-industrial-alce-blanco\"> Fracc. Industrial Alce Blanco<\/option><option data-ref=\"hyde-park\" data-belong=\"\" value=\"hyde-park\"> Hyde Park<\/option><option data-ref=\"industrial-vallejo\" data-belong=\"azcapotzalco\" value=\"industrial-vallejo\"> Industrial Vallejo<\/option><option data-ref=\"manhattan\" data-belong=\"\" value=\"manhattan\"> Manhattan<\/option><option data-ref=\"midtown\" data-belong=\"miami\" value=\"midtown\"> Midtown<\/option><option data-ref=\"northeast-los-angeles\" data-belong=\"los-angeles\" value=\"northeast-los-angeles\"> Northeast Los Angeles<\/option><option data-ref=\"parque-industrial\" data-belong=\"tultitlan-de-mariano-escobedo\" value=\"parque-industrial\"> Parque Industrial<\/option><option data-ref=\"polanco\" data-belong=\"miguel-hidalgo\" value=\"polanco\"> Polanco<\/option><option data-ref=\"super-manzana-2\" data-belong=\"cancun\" value=\"super-manzana-2\"> Super Manzana 2<\/option><option data-ref=\"vista-antigua\" data-belong=\"san-miguel-de-allende\" value=\"vista-antigua\"> VISTA ANTIGUA<\/option><option data-ref=\"west-flagger\" data-belong=\"miami\" value=\"west-flagger\"> West Flagger<\/option><option data-ref=\"wynwood\" data-belong=\"miami\" value=\"wynwood\"> Wynwood<\/option>            <\/select>\n        <\/div>\n                            <\/div>\n\n                                        <div class=\"elementor-field-group elementor-column form-group elementor-field-group-9ed83fe elementor-col-33 elementor-field-required elementor-mark-required\">\n                    <label for=\"form-field-9ed83fe\" class=\"elementor-field-label\">&nbsp;<\/label>        <div class=\"elementor-field elementor-select-wrapper\">\n            <select name=\"e_meta[state]\" id=\"form-field-9ed83fe\" class=\"elementor-field-textual form-control elementor-size-md\" required=\"required\" title=\"* Seleccione estado\">\n                <option value=\"\">Seleccione estado<\/option><option data-ref=\"california\" data-belong=\"propiedades-en-los-estados-unidos\" value=\"california\"> California<\/option><option data-ref=\"ciudad-de-mexico\" data-belong=\"mexico\" value=\"ciudad-de-mexico\"> Ciudad de M\u00e9xico<\/option><option data-ref=\"estado-de-mexico\" data-belong=\"mexico\" value=\"estado-de-mexico\"> Estado de M\u00e9xico<\/option><option data-ref=\"florida\" data-belong=\"propiedades-en-los-estados-unidos\" value=\"florida\"> Florida<\/option><option data-ref=\"illinois\" data-belong=\"propiedades-en-los-estados-unidos\" value=\"illinois\"> Illinois<\/option><option data-ref=\"new-york\" data-belong=\"\" value=\"new-york\"> New York<\/option><option data-ref=\"quintana-roo\" data-belong=\"mexico\" value=\"quintana-roo\"> Quintana Roo<\/option><option data-ref=\"san-miguel-de-allende\" data-belong=\"mexico\" value=\"san-miguel-de-allende\"> San Miguel de Allende<\/option>            <\/select>\n        <\/div>\n                            <\/div>\n\n                                        <div class=\"elementor-field-group elementor-column form-group elementor-field-group-28a8adb elementor-col-50 elementor-field-required elementor-mark-required\">\n                            <div class=\"elementor-field elementor-select-wrapper\">\n            <select name=\"e_meta[country]\" id=\"form-field-28a8adb\" class=\"elementor-field-textual form-control elementor-size-md\" required=\"required\" title=\"* Seleccionar pa\u00eds\">\n                <option value=\"\">Seleccionar pa\u00eds<\/option><option data-ref=\"mexico\" value=\"mexico\"> M\u00e9xico<\/option><option data-ref=\"propiedades-en-canada\" value=\"propiedades-en-canada\"> Propiedades en Canad\u00e1<\/option><option data-ref=\"propiedades-en-el-salvador\" value=\"propiedades-en-el-salvador\"> Propiedades en El Salvador<\/option><option data-ref=\"propiedades-en-los-estados-unidos\" value=\"propiedades-en-los-estados-unidos\"> Propiedades en los Estados Unidos<\/option><option data-ref=\"propiedades-en-mexico\" value=\"propiedades-en-mexico\"> Propiedades en M\u00e9xico<\/option>            <\/select>\n        <\/div>\n                            <\/div>\n\n                                        <div class=\"elementor-field-group elementor-column form-group elementor-field-group-f0ee6fc elementor-col-50 elementor-field-required elementor-mark-required\">\n                    <input type=\"text\" name=\"e_meta[zipcode]\" id=\"form-field-f0ee6fc\" class=\"elementor-field form-control elementor-size-md elementor-field-textual\" placeholder=\"C\u00f3digo postal\" title=\"* C\u00f3digo postal\" required=\"required\">                    <\/div>\n\n                                        <div class=\"elementor-field-group elementor-column form-group elementor-field-group-3180222 elementor-col-100 elementor-field-required elementor-mark-required\">\n                    <label for=\"form-field-3180222\" class=\"elementor-field-label\">Propiedad<\/label>        <div class=\"elementor-field elementor-select-wrapper\">\n            <select name=\"e_meta[property_type]\" id=\"form-field-3180222\" class=\"elementor-field-textual form-control elementor-size-md\" required=\"required\" title=\"* Propiedad\">\n                <option value=\"\">Seleccione tipo<\/option><option value=\"alquileres-temporarios\"> Alquileres temporarios<\/option><option value=\"albergue-en-alquiler\">-  Albergue en alquiler<\/option><option value=\"bungalow-en-alquiler\">-  Bungalow en alquiler<\/option><option value=\"cabana-en-alquiler\">-  Caba\u00f1a en alquiler<\/option><option value=\"campo-en-alquiler\">-  Campo en alquiler<\/option><option value=\"casa-de-huespedes-en-alquiler\">-  Casa de hu\u00e9spedes en alquiler<\/option><option value=\"casa-en-alquiler\">-  Casa en alquiler<\/option><option value=\"chalet-en-alquiler\">-  Chalet en alquiler<\/option><option value=\"departamento-en-alquiler\">-  Departamento en alquiler<\/option><option value=\"hotel-en-alquiler\">-  Hotel en alquiler<\/option><option value=\"loft-en-alquiler\">-  Loft en alquiler<\/option><option value=\"comerciales\"> Comerciales<\/option><option value=\"bodegas-en-renta\">-  Bodegas en renta<\/option><option value=\"bodegas-en-venta\">-  Bodegas en venta<\/option><option value=\"edificios-en-renta\">-  Edificios en renta<\/option><option value=\"edificios-en-venta\">-  Edificios en venta<\/option><option value=\"galpones-en-renta\">-  Galpones en renta<\/option><option value=\"galpones-en-venta\">-  Galpones en venta<\/option><option value=\"hoteles-en-venta\">-  Hoteles en venta<\/option><option value=\"locales-comerciales-en-renta\">-  Locales comerciales en renta<\/option><option value=\"locales-comerciales-en-venta\">-  Locales comerciales en venta<\/option><option value=\"naves-industriales-en-renta\">-  Naves industriales en renta<\/option><option value=\"naves-industriales-en-venta\">-  Naves industriales en venta<\/option><option value=\"oficinas-en-renta\">-  Oficinas en renta<\/option><option value=\"oficinas-en-venta\">-  Oficinas en venta<\/option><option value=\"desarrollos\"> Desarrollos<\/option><option value=\"en-cualquier-etapa\">-  En cualquier etapa<\/option><option value=\"open-house\">-  Open house<\/option><option value=\"pre-venta\">-  Pre-venta<\/option><option value=\"terminando\">-  Terminando<\/option><option value=\"venta\">-  Venta<\/option><option value=\"en-renta\"> En renta<\/option><option value=\"campos-en-renta\">-  Campos en renta<\/option><option value=\"casas-en-renta\">-  Casas en renta<\/option><option value=\"departamentos-en-renta\">-  Departamentos en renta<\/option><option value=\"estudios-en-renta\">-  Estudios en renta<\/option><option value=\"penthouses-en-renta\">-  Penthouses en renta<\/option><option value=\"ranchos-en-renta\">-  Ranchos en renta<\/option><option value=\"terrenos-lotes-en-renta\">-  Terrenos \/ Lotes en renta<\/option><option value=\"villas-en-renta\">-  Villas en renta<\/option><option value=\"en-venta\"> En venta<\/option><option value=\"campos-en-venta\">-  Campos en venta<\/option><option value=\"casas-en-venta\">-  Casas en venta<\/option><option value=\"departamentos-en-venta\">-  Departamentos en venta<\/option><option value=\"estudios-en-venta\">-  Estudios en venta<\/option><option value=\"penthouses-en-venta\">-  Penthouses en venta<\/option><option value=\"ranchos-en-venta\">-  Ranchos en venta<\/option><option value=\"remates-en-venta\">-  Remates en venta<\/option><option value=\"terrenos-lotes-en-venta\">-  Terrenos \/ Lotes en venta<\/option><option value=\"villas-en-venta\">-  Villas en venta<\/option>            <\/select>\n        <\/div>\n                            <\/div>\n\n                                        <div class=\"elementor-field-group elementor-column form-group elementor-field-group-c549d17 elementor-col-50 elementor-field-required elementor-mark-required\">\n                    <input type=\"number\" name=\"e_meta[price]\" id=\"form-field-c549d17\" class=\"elementor-field form-control elementor-size-md elementor-field-textual\" placeholder=\"Precio m\u00e1ximo\" title=\"* Precio m\u00e1ximo\" required=\"required\" min=\"0\">                    <\/div>\n\n                                        <div class=\"elementor-field-group elementor-column form-group elementor-field-group-e08cbcb elementor-col-50 elementor-field-required elementor-mark-required\">\n                    <input type=\"number\" name=\"e_meta[area-size]\" id=\"form-field-e08cbcb\" class=\"elementor-field form-control elementor-size-md elementor-field-textual\" placeholder=\"Tama\u00f1o m\u00ednimo (m\u00b2)\" title=\"* Tama\u00f1o m\u00ednimo (m\u00b2)\" required=\"required\" min=\"0\">                    <\/div>\n\n                                        <div class=\"elementor-field-group elementor-column form-group elementor-field-group-66cc0de elementor-col-50 elementor-field-required elementor-mark-required\">\n                    <input type=\"number\" name=\"e_meta[beds]\" id=\"form-field-66cc0de\" class=\"elementor-field form-control elementor-size-md elementor-field-textual\" placeholder=\"N\u00famero de rec\u00e1maras\" title=\"* N\u00famero de rec\u00e1maras\" required=\"required\" min=\"0\">                    <\/div>\n\n                                        <div class=\"elementor-field-group elementor-column form-group elementor-field-group-dea086f elementor-col-50 elementor-field-required elementor-mark-required\">\n                    <input type=\"number\" name=\"e_meta[baths]\" id=\"form-field-dea086f\" class=\"elementor-field form-control elementor-size-md elementor-field-textual\" placeholder=\"N\u00famero de ba\u00f1os\" title=\"* N\u00famero de ba\u00f1os\" required=\"required\" min=\"0\">                    <\/div>\n\n                                        <div class=\"elementor-field-group elementor-column form-group elementor-field-group-95c61a9 elementor-col-100 elementor-field-required elementor-mark-required\">\n                    <label for=\"form-field-95c61a9\" class=\"elementor-field-label\">Mensaje<\/label><textarea class=\"elementor-field-textual elementor-field elementor-size-md\" name=\"message\" id=\"form-field-95c61a9\" rows=\"4\" placeholder=\"Por favor escriba aqu\u00ed su mensaje\" required=\"required\" title=\"* Mensaje\"><\/textarea>                    <\/div>\n\n                    \n                    \n                                        <div class=\"houzez-gdpr-agreement elementor-field-group elementor-col-100\">\n                        <label for=\"gdpr_agreement\" class=\"elementor-field-label\">Acuerdo GDPR<\/label>\n                        <div class=\"gdpr-agreement-subgroup\">\n                            <span class=\"gdpr-field-option\">\n                                <label class=\"gdpr-text\" for=\"gdpr_agreement\">\n                                    <input required type=\"checkbox\" title=\"* Acuerdo GDPR\" name=\"gdpr_agreement\" id=\"gdpr_agreement\">  Doy mi consentimiento para que este sitio web almacene la informaci\u00f3n enviada                                <\/label>\n                            <\/span>\n                        <\/div>             \n                    <\/div>\n                    \n                    \n                    <div class=\"elementor-field-group elementor-column elementor-field-type-submit elementor-col-100\">\n                    <button type=\"submit\" class=\"houzez-submit-button houzez-contact-form-js elementor-button elementor-size-md\">\n                        <i class=\"btn-loader houzez-loader-js\"><\/i>\n                                                    Enviar mensaje                                            <\/button>\n                <\/div>\n            <\/div><!-- End wrapper-->\n            <br\/>\n            <div class=\"ele-form-messages\"><\/div>\n            <div class=\"error-container\"><\/div>\n\n        <\/form>\n\n    \t\t\t\t<\/div>\n\t\t\t\t<\/div>\n\t\t\t\t\t<\/div>\n\t\t<\/div>\n\t\t\t\t\t<\/div>\n\t\t<\/section>\n\t\t\t\t<div class=\"elementor-element elementor-element-eb5dd10 elementor-widget elementor-widget-spacer\" data-id=\"eb5dd10\" data-element_type=\"widget\" data-e-type=\"widget\" data-widget_type=\"spacer.default\">\n\t\t\t\t<div class=\"elementor-widget-container\">\n\t\t\t\t\t\t\t<div class=\"elementor-spacer\">\n\t\t\t<div class=\"elementor-spacer-inner\"><\/div>\n\t\t<\/div>\n\t\t\t\t\t\t<\/div>\n\t\t\t\t<\/div>\n\t\t\t\t\t<\/div>\n\t\t<\/div>\n\t\t\t\t\t<\/div>\n\t\t<\/section>\n\t\t\t\t<\/div>\n\t\t","protected":false},"excerpt":{"rendered":"<p>Hola, \u00bfC\u00f3mo Podemos Ayudarte? Por favor complete el formulario de consulta de bienes ra\u00edces para contactarnos. Nos pondremos en contacto contigo lo antes posible. Tipo de consulta SeleccionePurchase Rent Sell Miss Evaluation Mortgage Informaci\u00f3n Soy unSoy agente inmobiliario Soy due\u00f1o de una propiedad Localizaci\u00f3n Por favor seleccione Chicago Los Angeles Miami New York &nbsp; Seleccionar [&hellip;]<\/p>\n","protected":false},"author":1,"featured_media":0,"parent":0,"menu_order":0,"comment_status":"closed","ping_status":"closed","template":"template\/template-homepage.php","meta":{"sfsi_plus_gutenberg_text_before_share":"","sfsi_plus_gutenberg_show_text_before_share":"","sfsi_plus_gutenberg_icon_type":"","sfsi_plus_gutenberg_icon_alignemt":"","sfsi_plus_gutenburg_max_per_row":"","footnotes":"","_links_to":"","_links_to_target":""},"class_list":["post-17149","page","type-page","status-publish","hentry"],"_links":{"self":[{"href":"https:\/\/www.vendacasas24.com\/sv\/wp-json\/wp\/v2\/pages\/17149","targetHints":{"allow":["GET"]}}],"collection":[{"href":"https:\/\/www.vendacasas24.com\/sv\/wp-json\/wp\/v2\/pages"}],"about":[{"href":"https:\/\/www.vendacasas24.com\/sv\/wp-json\/wp\/v2\/types\/page"}],"author":[{"embeddable":true,"href":"https:\/\/www.vendacasas24.com\/sv\/wp-json\/wp\/v2\/users\/1"}],"replies":[{"embeddable":true,"href":"https:\/\/www.vendacasas24.com\/sv\/wp-json\/wp\/v2\/comments?post=17149"}],"version-history":[{"count":45,"href":"https:\/\/www.vendacasas24.com\/sv\/wp-json\/wp\/v2\/pages\/17149\/revisions"}],"predecessor-version":[{"id":17685,"href":"https:\/\/www.vendacasas24.com\/sv\/wp-json\/wp\/v2\/pages\/17149\/revisions\/17685"}],"wp:attachment":[{"href":"https:\/\/www.vendacasas24.com\/sv\/wp-json\/wp\/v2\/media?parent=17149"}],"curies":[{"name":"wp","href":"https:\/\/api.w.org\/{rel}","templated":true}]}}